{"id":34,"date":"2021-09-21T10:13:45","date_gmt":"2021-09-21T08:13:45","guid":{"rendered":"http:\/\/caloma.fr\/?page_id=34"},"modified":"2024-06-05T21:13:07","modified_gmt":"2024-06-05T19:13:07","slug":"accueil","status":"publish","type":"page","link":"https:\/\/caloma.fr\/","title":{"rendered":"Accueil"},"content":{"rendered":"<p>[et_pb_section fb_built=\u00a0\u00bb1&Prime; _builder_version=\u00a0\u00bb4.16&Prime; _module_preset=\u00a0\u00bbdefault\u00a0\u00bb width=\u00a0\u00bb100%\u00a0\u00bb min_height=\u00a0\u00bb570px\u00a0\u00bb custom_padding=\u00a0\u00bb||0px|||\u00a0\u00bb global_colors_info=\u00a0\u00bb{}\u00a0\u00bb][et_pb_row _builder_version=\u00a0\u00bb4.16&Prime; _module_preset=\u00a0\u00bbdefault\u00a0\u00bb min_height=\u00a0\u00bb266.4px\u00a0\u00bb custom_padding=\u00a0\u00bb17px|||||\u00a0\u00bb global_colors_info=\u00a0\u00bb{}\u00a0\u00bb][et_pb_column type=\u00a0\u00bb4_4&Prime; _builder_version=\u00a0\u00bb4.16&Prime; _module_preset=\u00a0\u00bbdefault\u00a0\u00bb global_colors_info=\u00a0\u00bb{}\u00a0\u00bb][et_pb_text _builder_version=\u00a0\u00bb4.16&Prime; _module_preset=\u00a0\u00bbdefault\u00a0\u00bb text_font=\u00a0\u00bbGrand Hotel||||||||\u00a0\u00bb text_text_color=\u00a0\u00bb#234493&Prime; text_font_size=\u00a0\u00bb60px\u00a0\u00bb text_orientation=\u00a0\u00bbcenter\u00a0\u00bb module_alignment=\u00a0\u00bbcenter\u00a0\u00bb min_height=\u00a0\u00bb236.8px\u00a0\u00bb custom_margin=\u00a0\u00bb||435px||false|false\u00a0\u00bb custom_padding=\u00a0\u00bb20px||20px||false|false\u00a0\u00bb text_line_height_tablet=\u00a0\u00bb\u00a0\u00bb text_line_height_phone=\u00a0\u00bb1em\u00a0\u00bb text_line_height_last_edited=\u00a0\u00bbon|phone\u00a0\u00bb global_colors_info=\u00a0\u00bb{}\u00a0\u00bb]<\/p>\n<p>&nbsp;<\/p>\n<p>Mise \u00e0 jour en cours !!!<\/p>\n<p>[\/et_pb_text][et_pb_text _builder_version=\u00a0\u00bb4.16&Prime; _module_preset=\u00a0\u00bbdefault\u00a0\u00bb text_font=\u00a0\u00bbGrand Hotel||||||||\u00a0\u00bb text_text_color=\u00a0\u00bb#234493&Prime; text_font_size=\u00a0\u00bb60px\u00a0\u00bb text_orientation=\u00a0\u00bbcenter\u00a0\u00bb module_alignment=\u00a0\u00bbcenter\u00a0\u00bb custom_margin=\u00a0\u00bb||||false|false\u00a0\u00bb custom_padding=\u00a0\u00bb20px||20px||false|false\u00a0\u00bb text_line_height_tablet=\u00a0\u00bb\u00a0\u00bb text_line_height_phone=\u00a0\u00bb1em\u00a0\u00bb text_line_height_last_edited=\u00a0\u00bbon|phone\u00a0\u00bb locked=\u00a0\u00bboff\u00a0\u00bb global_colors_info=\u00a0\u00bb{}\u00a0\u00bb]<\/p>\n<p><span style=\"color: #ffffff;\">Bienvenue sur le site de Caloma !<\/span><\/p>\n<p>[\/et_pb_text][et_pb_text content_tablet=\u00a0\u00bb<\/p>\n<p style=%22text-align: justify;%22><span style=%22color: #ffffff; font-size: x-large;%22>Bienvenue chez Caloma !<\/span><\/p>\n<p style=%22text-align: justify;%22><span style=%22color: #ffffff; font-size: x-large;%22>Ici, vous trouverez des sacs et des accessoires textiles faits avec simplicit\u00e9 et bonne humeur !<\/span><\/p>\n<p style=%22text-align: justify;%22><span style=%22color: #ffffff; font-size: x-large;%22>Caloma est n\u00e9e d&rsquo;une envie d&rsquo;entreprendre et de changer de vie professionnelle. A 37 ans, maman de 3 enfants, j&rsquo;ose me lancer ce d\u00e9fi !<\/span><\/p>\n<p style=%22text-align: justify;%22><span style=%22color: #ffffff; font-size: x-large;%22>Pourquoi Caloma ?<\/span><\/p>\n<p>\u00a0\u00bb content_phone=\u00a0\u00bb<\/p>\n<p style=%22text-align: center;%22><span style=%22color: #ffffff; font-size: x-large;%22>Bienvenue chez Caloma !<\/span><\/p>\n<p style=%22text-align: justify;%22><span style=%22color: #ffffff; font-size: x-large;%22>Ici, vous trouverez des sacs et des accessoires textiles faits avec simplicit\u00e9 et bonne humeur !<\/span><\/p>\n<p style=%22text-align: justify;%22><span style=%22color: #ffffff; font-size: x-large;%22>Caloma est n\u00e9e d&rsquo;une envie d&rsquo;entreprendre et de changer de vie professionnelle. A 37 ans, maman de 3 enfants, j&rsquo;ose me lancer ce d\u00e9fi !<\/span><\/p>\n<p style=%22text-align: justify;%22><span style=%22color: #ffffff; font-size: x-large;%22>Pourquoi Caloma ?<\/span><\/p>\n<p>\u00a0\u00bb content_last_edited=\u00a0\u00bbon|phone\u00a0\u00bb _builder_version=\u00a0\u00bb4.16&Prime; _module_preset=\u00a0\u00bbdefault\u00a0\u00bb text_orientation=\u00a0\u00bbjustified\u00a0\u00bb custom_padding=\u00a0\u00bb16px|||||\u00a0\u00bb inline_fonts=\u00a0\u00bbHi Melody,Yellowtail\u00a0\u00bb global_colors_info=\u00a0\u00bb{}\u00a0\u00bb]<\/p>\n<p style=\"text-align: justify;\"><span style=\"color: #ffffff; font-size: x-large;\">Bienvenue chez Caloma ! couleur #234493<\/span><\/p>\n<p style=\"text-align: justify;\"><span style=\"color: #ffffff; font-size: x-large;\">Ici, vous trouverez des sacs et des accessoires textiles faits avec simplicit\u00e9 et bonne humeur !<\/span><\/p>\n<p style=\"text-align: justify;\"><span style=\"color: #ffffff; font-size: x-large;\">Caloma est n\u00e9e d&rsquo;une envie d&rsquo;entreprendre et de changer de vie professionnelle. A 39 ans, maman de 3 enfants, j&rsquo;ose me lancer ce d\u00e9fi !<\/span><\/p>\n<p style=\"text-align: justify;\"><span style=\"color: #ffffff; font-size: x-large;\">Pourquoi Caloma ?<\/span><\/p>\n<p>[\/et_pb_text][\/et_pb_column][\/et_pb_row][et_pb_row _builder_version=\u00a0\u00bb4.16&Prime; _module_preset=\u00a0\u00bbdefault\u00a0\u00bb module_alignment=\u00a0\u00bbcenter\u00a0\u00bb global_colors_info=\u00a0\u00bb{}\u00a0\u00bb][et_pb_column type=\u00a0\u00bb4_4&Prime; _builder_version=\u00a0\u00bb4.16&Prime; _module_preset=\u00a0\u00bbdefault\u00a0\u00bb global_colors_info=\u00a0\u00bb{}\u00a0\u00bb][et_pb_image src=\u00a0\u00bbhttps:\/\/caloma.fr\/wp-content\/uploads\/2021\/11\/enfants_LI-scaled.jpg\u00a0\u00bb title_text=\u00a0\u00bbenfants_LI\u00a0\u00bb _builder_version=\u00a0\u00bb4.16&Prime; _module_preset=\u00a0\u00bbdefault\u00a0\u00bb width=\u00a0\u00bb90%\u00a0\u00bb module_alignment=\u00a0\u00bbcenter\u00a0\u00bb custom_margin=\u00a0\u00bb|18px||||\u00a0\u00bb custom_padding=\u00a0\u00bb0px|0px||||\u00a0\u00bb global_colors_info=\u00a0\u00bb{}\u00a0\u00bb][\/et_pb_image][\/et_pb_column][\/et_pb_row][et_pb_row _builder_version=\u00a0\u00bb4.16&Prime; _module_preset=\u00a0\u00bbdefault\u00a0\u00bb custom_margin=\u00a0\u00bb|auto|-2px|auto||\u00a0\u00bb custom_padding=\u00a0\u00bb0px||2px|||\u00a0\u00bb global_colors_info=\u00a0\u00bb{}\u00a0\u00bb][et_pb_column type=\u00a0\u00bb4_4&Prime; _builder_version=\u00a0\u00bb4.16&Prime; _module_preset=\u00a0\u00bbdefault\u00a0\u00bb global_colors_info=\u00a0\u00bb{}\u00a0\u00bb][et_pb_text content_tablet=\u00a0\u00bb<\/p>\n<p style=%22text-align: justify;%22><span style=%22color: #ffffff; font-size: x-large;%22>Mes sacs et accessoires suivront le rythme des saisons et de mes trouvailles du moment. Les tissus utilis\u00e9s sont au maximum bio, fabriqu\u00e9s en France ou en Europe et respectueux de l&rsquo;environnement. J&rsquo;utilise aussi les chutes de l&rsquo;industrie lorsque cela est possible. Je chine des tissus de seconde main que je transforme avec plaisir sur une piqueuse industrielle.<\/span><span style=%22color: #234493; font-size: x-large;%22><\/span><span style=%22color: #234493; font-size: x-large;%22><\/span><\/p>\n<p style=%22text-align: justify;%22><span style=%22color: #234493; font-size: x-large;%22><\/span><\/p>\n<p>\u00a0\u00bb content_phone=\u00a0\u00bb<\/p>\n<p style=%22text-align: justify;%22><span style=%22color: #ffffff; font-size: x-large;%22>Mes sacs et accessoires suivront le rythme des saisons et de mes trouvailles du moment. Les tissus utilis\u00e9s sont au maximum bio, fabriqu\u00e9s en France ou en Europe et respectueux de l&rsquo;environnement. J&rsquo;utilise aussi les chutes de l&rsquo;industrie lorsque cela est possible. Je chine des tissus de seconde main que je transforme avec plaisir sur une piqueuse industrielle.<\/span><span style=%22color: #234493; font-size: x-large;%22><\/span><span style=%22color: #234493; font-size: x-large;%22><\/span><\/p>\n<p style=%22text-align: justify;%22><span style=%22color: #234493; font-size: x-large;%22><\/span><\/p>\n<p>\u00a0\u00bb content_last_edited=\u00a0\u00bbon|tablet\u00a0\u00bb _builder_version=\u00a0\u00bb4.16&Prime; _module_preset=\u00a0\u00bbdefault\u00a0\u00bb text_orientation=\u00a0\u00bbjustified\u00a0\u00bb custom_padding=\u00a0\u00bb4px||0px|||\u00a0\u00bb inline_fonts=\u00a0\u00bbHi Melody,Yellowtail\u00a0\u00bb global_colors_info=\u00a0\u00bb{}\u00a0\u00bb]<\/p>\n<p style=\"text-align: justify;\"><span style=\"color: #ffffff; font-size: x-large;\">Mes sacs et accessoires suivront le rythme des saisons et de mes trouvailles du moment. Les tissus utilis\u00e9s sont au maximum bio, fabriqu\u00e9s en France ou en Europe et respectueux de l&rsquo;environnement. J&rsquo;utilise aussi les chutes de l&rsquo;industrie lorsque cela est possible. Je chine des tissus de seconde main que je transforme avec plaisir sur une piqueuse industrielle.<\/span><span style=\"color: #234493; font-size: x-large;\"><\/span><span style=\"color: #234493; font-size: x-large;\"><\/span><\/p>\n<p style=\"text-align: justify;\"><span style=\"color: #234493; font-size: x-large;\"><\/span><\/p>\n<p>[\/et_pb_text][\/et_pb_column][\/et_pb_row][et_pb_row _builder_version=\u00a0\u00bb4.16&Prime; _module_preset=\u00a0\u00bbdefault\u00a0\u00bb custom_padding=\u00a0\u00bb6px|||||\u00a0\u00bb global_colors_info=\u00a0\u00bb{}\u00a0\u00bb][et_pb_column type=\u00a0\u00bb4_4&Prime; _builder_version=\u00a0\u00bb4.16&Prime; _module_preset=\u00a0\u00bbdefault\u00a0\u00bb global_colors_info=\u00a0\u00bb{}\u00a0\u00bb][et_pb_image src=\u00a0\u00bbhttps:\/\/caloma.fr\/wp-content\/uploads\/2021\/11\/ju-scaled.jpg\u00a0\u00bb title_text=\u00a0\u00bbju\u00a0\u00bb align=\u00a0\u00bbcenter\u00a0\u00bb _builder_version=\u00a0\u00bb4.16&Prime; _module_preset=\u00a0\u00bbdefault\u00a0\u00bb width=\u00a0\u00bb87.8%\u00a0\u00bb global_colors_info=\u00a0\u00bb{}\u00a0\u00bb][\/et_pb_image][\/et_pb_column][\/et_pb_row][et_pb_row _builder_version=\u00a0\u00bb4.16&Prime; _module_preset=\u00a0\u00bbdefault\u00a0\u00bb custom_margin=\u00a0\u00bb|auto|-20px|auto||\u00a0\u00bb custom_padding=\u00a0\u00bb0px|||||\u00a0\u00bb global_colors_info=\u00a0\u00bb{}\u00a0\u00bb][et_pb_column type=\u00a0\u00bb4_4&Prime; _builder_version=\u00a0\u00bb4.16&Prime; _module_preset=\u00a0\u00bbdefault\u00a0\u00bb global_colors_info=\u00a0\u00bb{}\u00a0\u00bb][et_pb_text content_tablet=\u00a0\u00bb<\/p>\n<p style=%22text-align: justify;%22><span style=%22color: #ffffff;%22><span style=%22font-size: x-large;%22>N&rsquo;h\u00e9sitez pas \u00e0 me <span style=%22text-decoration: underline;%22>contacter<\/span> et \u00e0 suivre mon actualit\u00e9 sur les r\u00e9seaux sociaux !<\/span><span style=%22font-size: x-large;%22><\/span><span style=%22font-size: x-large;%22><\/span><\/span><\/p>\n<p style=%22text-align: justify;%22><span style=%22color: #ffffff; font-size: x-large;%22>Bonne visite \u00e0 toutes et \u00e0 tous !<\/span><\/p>\n<p style=%22text-align: justify;%22><span style=%22color: #ffffff; font-size: x-large;%22>Juliette<\/span><span style=%22color: #234493; font-size: x-large;%22><\/span><\/p>\n<p>\u00a0\u00bb content_phone=\u00a0\u00bb<\/p>\n<p style=%22text-align: justify;%22><span style=%22color: #ffffff;%22><span style=%22font-size: x-large;%22>N&rsquo;h\u00e9sitez pas \u00e0 me contacter et \u00e0 suivre mon actualit\u00e9 sur les r\u00e9seaux sociaux !<\/span><span style=%22font-size: x-large;%22><\/span><span style=%22font-size: x-large;%22><\/span><\/span><\/p>\n<p style=%22text-align: justify;%22><span style=%22color: #ffffff; font-size: x-large;%22>Bonne visite \u00e0 toutes et \u00e0 tous !<\/span><\/p>\n<p style=%22text-align: justify;%22><span style=%22color: #ffffff; font-size: x-large;%22>Juliette<\/span><span style=%22color: #234493; font-size: x-large;%22><\/span><\/p>\n<p>\u00a0\u00bb content_last_edited=\u00a0\u00bbon|desktop\u00a0\u00bb _builder_version=\u00a0\u00bb4.16&Prime; _module_preset=\u00a0\u00bbdefault\u00a0\u00bb text_orientation=\u00a0\u00bbjustified\u00a0\u00bb custom_margin=\u00a0\u00bb||13px|||\u00a0\u00bb custom_padding=\u00a0\u00bb4px||0px|||\u00a0\u00bb inline_fonts=\u00a0\u00bbHi Melody,Yellowtail\u00a0\u00bb global_colors_info=\u00a0\u00bb{}\u00a0\u00bb]<\/p>\n<p style=\"text-align: justify;\"><span style=\"color: #ffffff;\"><span style=\"font-size: x-large;\">N&rsquo;h\u00e9sitez pas \u00e0 me <a href=\"https:\/\/caloma.fr\/?page_id=2\" style=\"color: #ffffff;\"><span style=\"text-decoration: underline;\">contacter<\/span><\/a> et \u00e0 suivre mon actualit\u00e9 sur les r\u00e9seaux sociaux !<\/span><span style=\"font-size: x-large;\"><\/span><span style=\"font-size: x-large;\"><\/span><\/span><\/p>\n<p style=\"text-align: justify;\"><span style=\"color: #ffffff; font-size: x-large;\">Bonne visite \u00e0 toutes et \u00e0 tous !<\/span><\/p>\n<p style=\"text-align: justify;\"><span style=\"color: #ffffff; font-size: x-large;\">Juliette<\/span><span style=\"color: #234493; font-size: x-large;\"><\/span><\/p>\n<p>[\/et_pb_text][et_pb_social_media_follow _builder_version=\u00a0\u00bb4.16&Prime; _module_preset=\u00a0\u00bbdefault\u00a0\u00bb locked=\u00a0\u00bboff\u00a0\u00bb global_colors_info=\u00a0\u00bb{}\u00a0\u00bb][et_pb_social_media_follow_network social_network=\u00a0\u00bbfacebook\u00a0\u00bb url=\u00a0\u00bbhttps:\/\/www.facebook.com\/profile.php?id=100074015863627&Prime; _builder_version=\u00a0\u00bb4.16&Prime; _module_preset=\u00a0\u00bbdefault\u00a0\u00bb background_color=\u00a0\u00bb#3b5998&Prime; global_colors_info=\u00a0\u00bb{}\u00a0\u00bb follow_button=\u00a0\u00bboff\u00a0\u00bb url_new_window=\u00a0\u00bbon\u00a0\u00bb]facebook[\/et_pb_social_media_follow_network][et_pb_social_media_follow_network social_network=\u00a0\u00bbinstagram\u00a0\u00bb url=\u00a0\u00bbhttps:\/\/www.instagram.com\/caloma_creation\/\u00a0\u00bb _builder_version=\u00a0\u00bb4.16&Prime; _module_preset=\u00a0\u00bbdefault\u00a0\u00bb background_color=\u00a0\u00bb#ea2c59&Prime; global_colors_info=\u00a0\u00bb{}\u00a0\u00bb follow_button=\u00a0\u00bboff\u00a0\u00bb url_new_window=\u00a0\u00bbon\u00a0\u00bb]instagram[\/et_pb_social_media_follow_network][\/et_pb_social_media_follow][\/et_pb_column][\/et_pb_row][et_pb_row _builder_version=\u00a0\u00bb4.16&Prime; _module_preset=\u00a0\u00bbdefault\u00a0\u00bb custom_margin=\u00a0\u00bb3px|auto||auto||\u00a0\u00bb custom_padding=\u00a0\u00bb0px||12px|||\u00a0\u00bb global_colors_info=\u00a0\u00bb{}\u00a0\u00bb][et_pb_column type=\u00a0\u00bb4_4&Prime; _builder_version=\u00a0\u00bb4.16&Prime; _module_preset=\u00a0\u00bbdefault\u00a0\u00bb global_colors_info=\u00a0\u00bb{}\u00a0\u00bb][et_pb_gallery gallery_ids=\u00a0\u00bb424,382,373,377,380,372,375,368,203,367,364,362,360,359,376,209,426,361,378,202,374,425,423,422&Prime; fullwidth=\u00a0\u00bbon\u00a0\u00bb _builder_version=\u00a0\u00bb4.16&Prime; _module_preset=\u00a0\u00bbdefault\u00a0\u00bb width=\u00a0\u00bb33%\u00a0\u00bb width_tablet=\u00a0\u00bb\u00a0\u00bb width_phone=\u00a0\u00bb83%\u00a0\u00bb width_last_edited=\u00a0\u00bbon|desktop\u00a0\u00bb module_alignment=\u00a0\u00bbcenter\u00a0\u00bb custom_margin=\u00a0\u00bb||-3px|||\u00a0\u00bb custom_padding=\u00a0\u00bb3px|||||\u00a0\u00bb auto=\u00a0\u00bbon\u00a0\u00bb global_colors_info=\u00a0\u00bb{}\u00a0\u00bb][\/et_pb_gallery][\/et_pb_column][\/et_pb_row][\/et_pb_section][et_pb_section fb_built=\u00a0\u00bb1&Prime; _builder_version=\u00a0\u00bb4.16&Prime; _module_preset=\u00a0\u00bbdefault\u00a0\u00bb custom_padding=\u00a0\u00bb17px||17px|||\u00a0\u00bb global_colors_info=\u00a0\u00bb{}\u00a0\u00bb][\/et_pb_section]<\/p>\n","protected":false},"excerpt":{"rendered":"<p>&nbsp; Mise \u00e0 jour en cours !!!Bienvenue sur le site de Caloma !Bienvenue chez Caloma ! couleur #234493 Ici, vous trouverez des sacs et des accessoires textiles faits avec simplicit\u00e9 et bonne humeur ! Caloma est n\u00e9e d&rsquo;une envie d&rsquo;entreprendre et de changer de vie professionnelle. A 39 ans, maman de 3 enfants, j&rsquo;ose me [&hellip;]<\/p>\n","protected":false},"author":1,"featured_media":0,"parent":0,"menu_order":0,"comment_status":"closed","ping_status":"closed","template":"","meta":{"_et_pb_use_builder":"on","_et_pb_old_content":"","_et_gb_content_width":"","footnotes":""},"_links":{"self":[{"href":"https:\/\/caloma.fr\/index.php?rest_route=\/wp\/v2\/pages\/34"}],"collection":[{"href":"https:\/\/caloma.fr\/index.php?rest_route=\/wp\/v2\/pages"}],"about":[{"href":"https:\/\/caloma.fr\/index.php?rest_route=\/wp\/v2\/types\/page"}],"author":[{"embeddable":true,"href":"https:\/\/caloma.fr\/index.php?rest_route=\/wp\/v2\/users\/1"}],"replies":[{"embeddable":true,"href":"https:\/\/caloma.fr\/index.php?rest_route=%2Fwp%2Fv2%2Fcomments&post=34"}],"version-history":[{"count":44,"href":"https:\/\/caloma.fr\/index.php?rest_route=\/wp\/v2\/pages\/34\/revisions"}],"predecessor-version":[{"id":454,"href":"https:\/\/caloma.fr\/index.php?rest_route=\/wp\/v2\/pages\/34\/revisions\/454"}],"wp:attachment":[{"href":"https:\/\/caloma.fr\/index.php?rest_route=%2Fwp%2Fv2%2Fmedia&parent=34"}],"curies":[{"name":"wp","href":"https:\/\/api.w.org\/{rel}","templated":true}]}}